{"id":291,"date":"2023-08-10T14:14:17","date_gmt":"2023-08-10T14:14:17","guid":{"rendered":"http:\/\/sydentclinic.com\/?page_id=291"},"modified":"2025-09-21T16:14:06","modified_gmt":"2025-09-21T16:14:06","slug":"contact","status":"publish","type":"page","link":"https:\/\/sydentclinic.com\/ru\/%d1%81%d0%b2%d1%8f%d0%b7%d0%b0%d1%82%d1%8c%d1%81%d1%8f-%d1%81\/","title":{"rendered":"\u0421\u0432\u044f\u0437\u0430\u0442\u044c\u0441\u044f \u0441"},"content":{"rendered":"<p><strong>\u0410\u0434\u0440\u0435\u0441: <\/strong>Yayla, Bah\u00e7elievler, \u015e\u00fckufe Nihal Sk. No:4, 34100 Bah\u00e7elievler\/\u0130stanbul<\/p>\n\n\n\n<p><strong>\u0422\u0435\u043b\u0435\u0444\u043e\u043d:<\/strong> <a href=\"tel:+905323899520\">+90 532 389 95 20<\/a><\/p>\n\n\n\n<p><strong>\u042d\u043b\u0435\u043a\u0442\u0440\u043e\u043d\u043d\u0430\u044f \u043f\u043e\u0447\u0442\u0430:<\/strong> <a href=\"\/ru\/info@sydentclinic.com\/\"><a href=\"mailto:info@sydentclinic.com\">info@sydentclinic.com<\/a><\/a><\/p>\n\n\n\n<p><\/p>\n\n\n\n<iframe src=\"https:\/\/www.google.com\/maps\/embed?pb=!1m18!1m12!1m3!1d3011.1688978900984!2d28.8623084!3d40.9996763!2m3!1f0!2f0!3f0!3m2!1i1024!2i768!4f13.1!3m3!1m2!1s0x14cabb84f9b89617%3A0x336ab78e622ae6d7!2zU1kgQcSfxLF6ICYgRGnFnyBTYcSfbMSxxJ_EsSBLbGluacSfaQ!5e0!3m2!1str!2str!4v1758471073629!5m2!1str!2str\" width=\"1300\" height=\"450\" style=\"border:0;\" allowfullscreen=\"\" loading=\"lazy\" referrerpolicy=\"no-referrer-when-downgrade\"><\/iframe>","protected":false},"excerpt":{"rendered":"<p>\u0410\u0434\u0440\u0435\u0441: Yayla, Bah\u00e7elievler, \u015e\u00fckufe Nihal Sk. No:4, 34100 Bah\u00e7elievler\/\u0130stanbul \u0422\u0435\u043b\u0435\u0444\u043e\u043d: +90 532 389 95 20 E-Mail: info@sydentclinic.com<\/p>","protected":false},"author":1,"featured_media":0,"parent":0,"menu_order":0,"comment_status":"closed","ping_status":"closed","template":"","meta":{"footnotes":""},"_links":{"self":[{"href":"https:\/\/sydentclinic.com\/ru\/wp-json\/wp\/v2\/pages\/291"}],"collection":[{"href":"https:\/\/sydentclinic.com\/ru\/wp-json\/wp\/v2\/pages"}],"about":[{"href":"https:\/\/sydentclinic.com\/ru\/wp-json\/wp\/v2\/types\/page"}],"author":[{"embeddable":true,"href":"https:\/\/sydentclinic.com\/ru\/wp-json\/wp\/v2\/users\/1"}],"replies":[{"embeddable":true,"href":"https:\/\/sydentclinic.com\/ru\/wp-json\/wp\/v2\/comments?post=291"}],"version-history":[{"count":13,"href":"https:\/\/sydentclinic.com\/ru\/wp-json\/wp\/v2\/pages\/291\/revisions"}],"predecessor-version":[{"id":885,"href":"https:\/\/sydentclinic.com\/ru\/wp-json\/wp\/v2\/pages\/291\/revisions\/885"}],"wp:attachment":[{"href":"https:\/\/sydentclinic.com\/ru\/wp-json\/wp\/v2\/media?parent=291"}],"curies":[{"name":"wp","href":"https:\/\/api.w.org\/{rel}","templated":true}]}}